{"id":51,"date":"2022-03-03T05:15:50","date_gmt":"2022-03-03T05:15:50","guid":{"rendered":"https:\/\/cinig.facmed.unam.mx\/?page_id=51"},"modified":"2026-03-28T16:30:30","modified_gmt":"2026-03-28T16:30:30","slug":"nuevo-inicio","status":"publish","type":"page","link":"https:\/\/cinig.facmed.unam.mx\/","title":{"rendered":"Nuevo Inicio"},"content":{"rendered":"<p>[et_pb_section fb_built=\u00bb1&#8243; _builder_version=\u00bb4.27.6&#8243; _module_preset=\u00bbdefault\u00bb custom_padding=\u00bb||6px|||\u00bb global_colors_info=\u00bb{}\u00bb][et_pb_row _builder_version=\u00bb4.27.6&#8243; _module_preset=\u00bbdefault\u00bb custom_margin=\u00bb-51px|68px||auto||\u00bb custom_padding=\u00bb6px||4px|||\u00bb global_colors_info=\u00bb{}\u00bb][et_pb_column type=\u00bb4_4&#8243; _builder_version=\u00bb4.27.6&#8243; _module_preset=\u00bbdefault\u00bb global_colors_info=\u00bb{}\u00bb][et_pb_social_media_follow _builder_version=\u00bb4.27.6&#8243; _module_preset=\u00bbdefault\u00bb background_enable_image=\u00bboff\u00bb parallax=\u00bbon\u00bb text_orientation=\u00bbright\u00bb global_colors_info=\u00bb{}\u00bb][et_pb_social_media_follow_network social_network=\u00bbfacebook\u00bb url=\u00bbhttps:\/\/www.facebook.com\/Cinig.facmed\u00bb _builder_version=\u00bb4.16&#8243; _module_preset=\u00bbdefault\u00bb background_color=\u00bb#3b5998&#8243; global_colors_info=\u00bb{}\u00bb follow_button=\u00bboff\u00bb url_new_window=\u00bbon\u00bb]facebook[\/et_pb_social_media_follow_network][et_pb_social_media_follow_network social_network=\u00bbinstagram\u00bb url=\u00bbhttps:\/\/www.instagram.com\/cinig.facmed\/\u00bb _builder_version=\u00bb4.16&#8243; _module_preset=\u00bbdefault\u00bb background_color=\u00bb#ea2c59&#8243; global_colors_info=\u00bb{}\u00bb follow_button=\u00bboff\u00bb url_new_window=\u00bbon\u00bb]instagram[\/et_pb_social_media_follow_network][et_pb_social_media_follow_network social_network=\u00bbtelegram\u00bb url=\u00bbhttps:\/\/t.me\/cinig_facmed\u00bb _builder_version=\u00bb4.16&#8243; _module_preset=\u00bbdefault\u00bb background_color=\u00bb#179cde\u00bb global_colors_info=\u00bb{}\u00bb follow_button=\u00bboff\u00bb url_new_window=\u00bbon\u00bb]telegram[\/et_pb_social_media_follow_network][\/et_pb_social_media_follow][\/et_pb_column][\/et_pb_row][\/et_pb_section][et_pb_section fb_built=\u00bb1&#8243; _builder_version=\u00bb4.27.6&#8243; _module_preset=\u00bbdefault\u00bb background_color=\u00bb#cecece\u00bb custom_padding=\u00bb0px||8px|||\u00bb hover_enabled=\u00bb0&#8243; global_colors_info=\u00bb{}\u00bb sticky_enabled=\u00bb0&#8243;][et_pb_row _builder_version=\u00bb4.16&#8243; _module_preset=\u00bbdefault\u00bb global_colors_info=\u00bb{}\u00bb][et_pb_column type=\u00bb4_4&#8243; _builder_version=\u00bb4.16&#8243; _module_preset=\u00bbdefault\u00bb global_colors_info=\u00bb{}\u00bb][et_pb_video src=\u00bbhttps:\/\/www.youtube.com\/watch?v=0nYWeGdo6Ws&#038;t=2s\u00bb src_webm=\u00bbhttps:\/\/www.youtube.com\/watch?v=0nYWeGdo6Ws&#038;t=2s\u00bb _builder_version=\u00bb4.16&#8243; _module_preset=\u00bbdefault\u00bb global_colors_info=\u00bb{}\u00bb][\/et_pb_video][\/et_pb_column][\/et_pb_row][\/et_pb_section][et_pb_section fb_built=\u00bb1&#8243; module_id=\u00bbObjetivos\u00bb _builder_version=\u00bb4.16&#8243; background_color=\u00bb#e2e2e2&#8243; custom_padding=\u00bb0px||0px|||\u00bb global_colors_info=\u00bb{}\u00bb][et_pb_row column_structure=\u00bb2_5,3_5&#8243; _builder_version=\u00bb4.16&#8243; custom_padding=\u00bb0px||40px|||\u00bb global_colors_info=\u00bb{}\u00bb][et_pb_column type=\u00bb2_5&#8243; _builder_version=\u00bb4.16&#8243; global_colors_info=\u00bb{}\u00bb][et_pb_image src=\u00bbhttps:\/\/cinig.facmed.unam.mx\/wp-content\/uploads\/2022\/02\/Mesa-de-trabajo-1-1.png\u00bb title_text=\u00bbMesa de trabajo 1&#8243; _builder_version=\u00bb4.16&#8243; global_colors_info=\u00bb{}\u00bb][\/et_pb_image][\/et_pb_column][et_pb_column type=\u00bb3_5&#8243; _builder_version=\u00bb4.16&#8243; global_colors_info=\u00bb{}\u00bb][et_pb_text _builder_version=\u00bb4.16&#8243; text_text_color=\u00bb#000000&#8243; header_font=\u00bb|700|||||||\u00bb header_6_font=\u00bb|300|||||||\u00bb header_6_font_size=\u00bb10px\u00bb background_color=\u00bb#ffffff\u00bb custom_margin=\u00bb15%||||false|false\u00bb custom_padding=\u00bb30px|20px|30px|20px|false|false\u00bb border_radii=\u00bbon|20px|20px|20px|20px\u00bb box_shadow_style=\u00bbpreset1&#8243; global_colors_info=\u00bb{}\u00bb]<\/p>\n<h1>Objetivo de la comisi\u00f3n<\/h1>\n<div class=\"page\" title=\"Page 3\">\n<div class=\"section\">\n<div class=\"layoutArea\">\n<div class=\"column\">\n<p>La Comisi\u00f3n Interna para la Igualdad de G\u00e9nero de la Facultad de Medicina tiene como objetivo impulsar la implementaci\u00f3n de la pol\u00edtica institucional en materia de igualdad de<br \/>\ng\u00e9nero de la Universidad y prevenir cualquier tipo de discriminaci\u00f3n y violencia por razones de g\u00e9nero, a trav\u00e9s de acciones sistem\u00e1ticas y profundas dise\u00f1adas con la participaci\u00f3n de las autoridades y la comunidad.<\/p>\n<\/div>\n<\/div>\n<\/div>\n<\/div>\n<p>[\/et_pb_text][\/et_pb_column][\/et_pb_row][\/et_pb_section][et_pb_section fb_built=\u00bb1&#8243; module_id=\u00bbestructura\u00bb _builder_version=\u00bb4.27.6&#8243; background_color=\u00bb#FFF7CC\u00bb hover_enabled=\u00bb0&#8243; global_colors_info=\u00bb{}\u00bb sticky_enabled=\u00bb0&#8243;][et_pb_row _builder_version=\u00bb4.16&#8243; width=\u00bb85%\u00bb global_colors_info=\u00bb{}\u00bb][et_pb_column type=\u00bb4_4&#8243; _builder_version=\u00bb4.16&#8243; global_colors_info=\u00bb{}\u00bb][et_pb_text _builder_version=\u00bb4.16&#8243; header_font=\u00bb|700|||||||\u00bb header_text_align=\u00bbcenter\u00bb header_text_color=\u00bb#000000&#8243; custom_padding=\u00bb0px|||||\u00bb global_colors_info=\u00bb{}\u00bb]<\/p>\n<h1>Estructura<\/h1>\n<p>[\/et_pb_text][et_pb_text _builder_version=\u00bb4.16&#8243; _module_preset=\u00bbdefault\u00bb width=\u00bb99.8%\u00bb custom_margin=\u00bb|-103px||||\u00bb link_option_url_new_window=\u00bbon\u00bb global_colors_info=\u00bb{}\u00bb]<\/p>\n<p><span style=\"color: #000000;\">Con base en los\u00a0<a href=\"https:\/\/drive.google.com\/file\/d\/1tPidjtS4yaKAS1ODHMn4rN2TXRD90xvx\/view\" title=\"https:\/\/drive.google.com\/file\/d\/1tPidjtS4yaKAS1ODHMn4rN2TXRD90xvx\/view\"><span style=\"color: #3366ff;\">Lineamientos generales para guiar la conformaci\u00f3n y el funcionamiento de las Comisiones Internas para la Igualdad de G\u00e9nero en entidades acad\u00e9micas y dependencias universitarias de la UNAM<\/span>,<\/a> el H. Consejo T\u00e9cnico de la Facultad de Medicina aprob\u00f3 en su sesi\u00f3n ordinaria del 22 de septiembre la reestructuraci\u00f3n\u00a0de la Comisi\u00f3n Especial de Equidad de G\u00e9nero en la nueva <strong>Comisi\u00f3n Interna para la Igualdad de G\u00e9nero de la Facultad de Medicina<\/strong>, con la siguiente estructura:<\/span><\/p>\n<ul>\n<li style=\"list-style-type: none;\">\n<ul>\n<li style=\"list-style-type: none;\">\n<ul>\n<li><span style=\"color: #000000;\">Representante de la Direcci\u00f3n\u00a0<\/span><\/li>\n<li><span style=\"color: #000000;\">Integrante con funciones operativa en la direcci\u00f3n\u00a0<\/span><\/li>\n<li><span style=\"color: #000000;\">Representante de la CInIG\u00a0<\/span><\/li>\n<li><span style=\"color: #000000;\">Titular de la secretar\u00eda de la CInIG<\/span><\/li>\n<li><span style=\"color: #000000;\">Estudiante, integrante del H. Consejo T\u00e9cnico de la Facultad de Medicina<\/span><\/li>\n<li><span style=\"color: #000000;\">Acad\u00e9mica, integrante del H. Consejo T\u00e9cnico de la Facultad de Medicina<\/span><\/li>\n<li><span style=\"color: #000000;\">Integrante y enlace de la CInIG con la Comisi\u00f3n Local de Seguridad de la Facultad de Medicina<\/span><\/li>\n<li><span style=\"color: #000000;\">Estudiantes de pregrado y posgrado (9)<\/span><\/li>\n<li><span style=\"color: #000000;\">Personal acad\u00e9mico de pregrado y posgrado (6)<\/span><\/li>\n<li><span style=\"color: #000000;\">Personal administrativo (6)<\/span><\/li>\n<li><span style=\"color: #000000;\">Personas invitadas del Programa de Estudios de G\u00e9nero en Salud (2)<\/span><\/li>\n<\/ul>\n<\/li>\n<\/ul>\n<\/li>\n<\/ul>\n<p>&nbsp;<\/p>\n<p>[\/et_pb_text][\/et_pb_column][\/et_pb_row][\/et_pb_section][et_pb_section fb_built=\u00bb1&#8243; admin_label=\u00bbSubcomisiones\u00bb module_id=\u00bbsubcomisiones\u00bb _builder_version=\u00bb4.27.6&#8243; _module_preset=\u00bbdefault\u00bb background_color=\u00bb#D6D6D6&#8243; use_background_color_gradient=\u00bbon\u00bb background_color_gradient_direction=\u00bb1deg\u00bb hover_enabled=\u00bb0&#8243; global_colors_info=\u00bb{}\u00bb sticky_enabled=\u00bb0&#8243;][et_pb_row _builder_version=\u00bb4.16&#8243; _module_preset=\u00bbdefault\u00bb global_colors_info=\u00bb{}\u00bb][et_pb_column type=\u00bb4_4&#8243; _builder_version=\u00bb4.16&#8243; _module_preset=\u00bbdefault\u00bb global_colors_info=\u00bb{}\u00bb][et_pb_accordion _builder_version=\u00bb4.16&#8243; _module_preset=\u00bbdefault\u00bb global_colors_info=\u00bb{}\u00bb][et_pb_accordion_item title=\u00bbSubcomisiones de la CInIG\u00bb open=\u00bbon\u00bb _builder_version=\u00bb4.16&#8243; _module_preset=\u00bbdefault\u00bb global_colors_info=\u00bb{}\u00bb]La CInIG de la Facultad de Medicina se encuentra organizada de modo que tenga representaci\u00f3n comunitaria \u00a0para que la pol\u00edtica de igualdad de g\u00e9nero de la UNAM se aplique de manera transversal en todos los espacios, proyectos, funciones y responsabilidades acad\u00e9micas, de investigaci\u00f3n y divulgaci\u00f3n de la ciencia dentro de la Facultad de Medicina e inclusive en las emanadas de sus interacciones interinstitucionales.<\/p>\n<p>Esta conformada por 6 Subcomisiones que trabajan de manera colegiada para dar respuesta a las necesidades la comunidad de la Facultad de Medicina.<br \/>\n[\/et_pb_accordion_item][et_pb_accordion_item title=\u00bbActualizaci\u00f3n Tem\u00e1tica y Capacitaci\u00f3n\u00bb _builder_version=\u00bb4.16&#8243; _module_preset=\u00bbdefault\u00bb global_colors_info=\u00bb{}\u00bb open=\u00bboff\u00bb]Integrantes:<br \/>\nDra. Beatriz Cerda De la O<br \/>\nDra. Mar\u00eda de los Angeles Fern\u00e1ndez Altuna<br \/>\nDra. Roxana Galv\u00e1n Su\u00e1rez<br \/>\nDra. Diana Patricia Gu\u00edzar S\u00e1nchez<br \/>\n[\/et_pb_accordion_item][et_pb_accordion_item title=\u00bbDiagn\u00f3stico local, seguimiento de indicadores e informe anual\u00bb _builder_version=\u00bb4.16&#8243; _module_preset=\u00bbdefault\u00bb global_colors_info=\u00bb{}\u00bb open=\u00bboff\u00bb]Integrantes:<br \/>\nDra. Andrea Atri Mizrahi<br \/>\nDra. Hayde\u00e9 Vald\u00e9s Quiroz<br \/>\nDra. Irene Durante Montiel<br \/>\nEsp. en Med. Soc. Nashielly Cort\u00e9s Hern\u00e1ndez<br \/>\nDra. Alejandro Carrasco<br \/>\nDra. Ana Laura M\u00e1rquez Alonso<br \/>\n[\/et_pb_accordion_item][et_pb_accordion_item title=\u00bbPrograma de trabajo anual y manual de operaciones.\u00bb _builder_version=\u00bb4.16&#8243; _module_preset=\u00bbdefault\u00bb global_colors_info=\u00bb{}\u00bb open=\u00bboff\u00bb]Integrantes:<\/p>\n<p>Dra. Samantha Flores Rodr\u00edguez<br \/>\nDra. Jennifer Hincapie S\u00e1nchez<br \/>\nEsp. Karla Ivonne V\u00e1zquez Barrera<br \/>\nVictoria Abril Peredo Mac\u00edas<br \/>\nDr. Jes\u00fas Santiago Reza Casahonda<br \/>\nDra. Mar\u00eda del Carmen Jim\u00e9nez Mart\u00ednez<br \/>\n[\/et_pb_accordion_item][et_pb_accordion_item title=\u00bbImplementaci\u00f3n de acciones de la CInIG\u00bb _builder_version=\u00bb4.16&#8243; _module_preset=\u00bbdefault\u00bb global_colors_info=\u00bb{}\u00bb open=\u00bboff\u00bb]Integrantes:<\/p>\n<p>Lic. Edgar Eduardo Jim\u00e9nez Armenta<br \/>\nE. Mil\u00e1n Leyva<br \/>\nDra. Liesbeth M\u00f3nica Romano Albornoz<br \/>\nMariana Rodriguez Ponce<br \/>\nDra. Itzel Stella P\u00e9rez Campos<br \/>\n[\/et_pb_accordion_item][et_pb_accordion_item title=\u00bbEnlace comunitario y vinculaci\u00f3n interinstitucional\u00bb _builder_version=\u00bb4.16&#8243; _module_preset=\u00bbdefault\u00bb global_colors_info=\u00bb{}\u00bb open=\u00bboff\u00bb]Integrantes:<br \/>\nDra. Adriana Iturbide Beltr\u00e1n<br \/>\nJuan Pablo Moran Peraza<br \/>\nDra. Luz Mar\u00eda Moreno Tetlacuilo<br \/>\nDra. Susana L\u00f3pez Rojas<br \/>\nDra. Claudia Teresa Monobe Hern\u00e1ndez.<br \/>\n[\/et_pb_accordion_item][et_pb_accordion_item title=\u00bbAtenci\u00f3n a situaciones y problemas emergentes \u00bb _builder_version=\u00bb4.16&#8243; _module_preset=\u00bbdefault\u00bb global_colors_info=\u00bb{}\u00bb open=\u00bboff\u00bb]Integrantes:<br \/>\nDr. Samuel Bravo Hurtado<br \/>\nDra. Eda Patricia Tenorio Zum\u00e1rraga<br \/>\nDr. Luis Manjarrez Guti\u00e9rrez<br \/>\nEsp. Karla Ivonne V\u00e1zquez Barrera<br \/>\n[\/et_pb_accordion_item][\/et_pb_accordion][et_pb_text _builder_version=\u00bb4.16&#8243; _module_preset=\u00bbdefault\u00bb global_colors_info=\u00bb{}\u00bb][\/et_pb_text][\/et_pb_column][\/et_pb_row][\/et_pb_section][et_pb_section fb_built=\u00bb1&#8243; module_id=\u00bbIntegrantes\u00bb _builder_version=\u00bb4.16&#8243; _module_preset=\u00bbdefault\u00bb global_colors_info=\u00bb{}\u00bb][et_pb_row _builder_version=\u00bb4.16&#8243; custom_margin=\u00bb|auto|-6px|auto||\u00bb global_colors_info=\u00bb{}\u00bb][et_pb_column type=\u00bb4_4&#8243; _builder_version=\u00bb4.16&#8243; global_colors_info=\u00bb{}\u00bb][et_pb_text _builder_version=\u00bb4.16&#8243; header_text_align=\u00bbcenter\u00bb header_font_size=\u00bb33px\u00bb global_colors_info=\u00bb{}\u00bb]<\/p>\n<h1>Integrantes<\/h1>\n<p>[\/et_pb_text][\/et_pb_column][\/et_pb_row][et_pb_row column_structure=\u00bb1_2,1_2&#8243; _builder_version=\u00bb4.16&#8243; _module_preset=\u00bbdefault\u00bb global_colors_info=\u00bb{}\u00bb][et_pb_column type=\u00bb1_2&#8243; _builder_version=\u00bb4.16&#8243; _module_preset=\u00bbdefault\u00bb global_colors_info=\u00bb{}\u00bb][et_pb_text _builder_version=\u00bb4.25.0&#8243; _module_preset=\u00bbdefault\u00bb global_colors_info=\u00bb{}\u00bb]<\/p>\n<p><strong>Dra. Ana Carolina Sep\u00falveda Vild\u00f3sola\u00a0 \u00a0 \u00a0 \u00a0 \u00a0 \u00a0 \u00a0 \u00a0 \u00a0 \u00a0 \u00a0 \u00a0 \u00a0 \u00a0 \u00a0 \u00a0 \u00a0 \u00a0 \u00a0 \u00a0 \u00a0 \u00a0 \u00a0 \u00a0 \u00a0 \u00a0 \u00a0 \u00a0 \u00a0 \u00a0 \u00a0 \u00a0 \u00a0 <\/strong>Directora de la Facultad de Medicina<strong><\/strong><\/p>\n<p>&nbsp;<\/p>\n<p><strong>Dra. Gabriela Borrayo S\u00e1nchez\u00a0 \u00a0 \u00a0 \u00a0 \u00a0 \u00a0 \u00a0 \u00a0 \u00a0 \u00a0 \u00a0 \u00a0 \u00a0 \u00a0 \u00a0 \u00a0 \u00a0 \u00a0 \u00a0 \u00a0 \u00a0 \u00a0 \u00a0 \u00a0 \u00a0 \u00a0 \u00a0 \u00a0 \u00a0 \u00a0 \u00a0 \u00a0 \u00a0 <\/strong>Secretaria General<strong><\/strong><strong><\/strong><\/p>\n<p><strong>Mtro. Edgar Eduardo Jim\u00e9nez Armenta<br \/><\/strong>Representante de la CInIG, Acad\u00e9mico Licenciatura en Fisioterapia\u00a0<\/p>\n<p><strong>Dr. Samuel Bravo Hurtado<br \/><\/strong>Acad\u00e9mico, profesor de asignatura de la licenciatura de M\u00e9dico Cirujano<\/p>\n<p><strong>Dra. en C. Eda Patricia Tenorio Zum\u00e1rraga.<br \/><\/strong>Integrante del Consejo T\u00e9cnico<\/p>\n<p><strong>Dra. Claudia Teresa Monobe Hern\u00e1ndez<br \/><\/strong>Administrativa, Posgrado, Subdivisi\u00f3n de Graduados y Educaci\u00f3n Continua.<\/p>\n<p><strong>Dra. Mar\u00eda de los \u00c1ngeles Fern\u00e1ndez Altuna<br \/><\/strong>Administrativa, Secretar\u00eda de Servicios Escolares<\/p>\n<p><strong>Dra. Luz Mar\u00eda Moreno Tetlacuilo<br \/><\/strong>Invitada Permanente del Programa de Estudios de G\u00e9nero en Salud<\/p>\n<p>&nbsp;<\/p>\n<p>[\/et_pb_text][\/et_pb_column][et_pb_column type=\u00bb1_2&#8243; _builder_version=\u00bb4.16&#8243; _module_preset=\u00bbdefault\u00bb global_colors_info=\u00bb{}\u00bb][et_pb_text _builder_version=\u00bb4.16&#8243; _module_preset=\u00bbdefault\u00bb global_colors_info=\u00bb{}\u00bb]<\/p>\n<p>&nbsp;<\/p>\n<p><strong><\/strong><\/p>\n<p><strong><\/strong><\/p>\n<p><strong><\/strong><\/p>\n<p><strong><\/strong><\/p>\n<p><strong><\/strong><\/p>\n<p style=\"text-align: left;\"><strong>Dra. Yuriria Alejandra Rodr\u00edguez Mart\u00ednez\u00a0 \u00a0 \u00a0 \u00a0 \u00a0 \u00a0 \u00a0 \u00a0 \u00a0 \u00a0 \u00a0 \u00a0 \u00a0 \u00a0 \u00a0 \u00a0 \u00a0 \u00a0 \u00a0 \u00a0 \u00a0 \u00a0 <\/strong>Funciones operativas de la Direcci\u00f3n, Programa de Igualdad de G\u00e9nero\u00a0<strong><\/strong><strong><\/strong><\/p>\n<p><strong>Dra. Mar\u00eda del Carmen Jim\u00e9nez Mart\u00ednez<br \/><\/strong>Acad\u00e9mica Posgrado PCMOS (Farmacolog\u00eda Cl\u00ednica)\u00a0<\/p>\n<p><strong>Dra.Adriana Elizabeth Gonz\u00e1lez Villalba<br \/><\/strong>Acad\u00e9mica, Licenciatura en M\u00e9dico de Medicina<\/p>\n<p><strong>Dr. Raul Sampieri Cabrera\u00a0<br \/><\/strong>Acad\u00e9mico, Licenciatura en Ciencia de la Nutrici\u00f3n<\/p>\n<p>\u00a0<strong>M en S. Beatriz Cerda De la O <br \/><\/strong>Acad\u00e9mica, Posgrado PUEM.<\/p>\n<p><strong>Dra. Ana Laura M\u00e1rquez Alonso<br \/><\/strong>Administrativa, Posgrado, PUEM<\/p>\n<p><strong>Dra. Karen Aranza Mara\u00f1on Solorio<br \/><\/strong>Estudiante, Posgrado, PUEM<\/p>\n<p>&nbsp;<\/p>\n<p>[\/et_pb_text][\/et_pb_column][\/et_pb_row][\/et_pb_section][et_pb_section fb_built=\u00bb1&#8243; fullwidth=\u00bbon\u00bb module_id=\u00bbeventos \u00bb _builder_version=\u00bb4.16&#8243; _module_preset=\u00bbdefault\u00bb global_colors_info=\u00bb{}\u00bb][et_pb_fullwidth_header title=\u00bbEventos \u00bb text_orientation=\u00bbcenter\u00bb button_one_text=\u00bbLa boletina \u00bb button_one_url=\u00bbhttps:\/\/coordinaciongenero.unam.mx\/la-boletina\/\u00bb button_two_text=\u00bbCanal de Youtube \u00bb button_two_url=\u00bbhttps:\/\/www.youtube.com\/channel\/UCK76XsRPBPQL2Z8FjqioItA\u00bb background_overlay_color=\u00bb#8300E9&#8243; admin_label=\u00bbEventos\u00bb _builder_version=\u00bb4.16&#8243; _module_preset=\u00bbdefault\u00bb link_option_url_new_window=\u00bbon\u00bb global_colors_info=\u00bb{}\u00bb]<\/p>\n<p>Consulta los eventos que se organizan quincenalmente en la boletina y los eventos que se han llevado a cabo por la comisi\u00f3n en el canal de YouTube<\/p>\n<p>[\/et_pb_fullwidth_header][\/et_pb_section][et_pb_section fb_built=\u00bb1&#8243; module_id=\u00bbcontacto\u00bb _builder_version=\u00bb4.16&#8243; background_color=\u00bbrgba(119,119,119,0.76)\u00bb min_height=\u00bb557.5px\u00bb global_colors_info=\u00bb{}\u00bb][et_pb_row _builder_version=\u00bb4.16&#8243; global_colors_info=\u00bb{}\u00bb][et_pb_column type=\u00bb4_4&#8243; _builder_version=\u00bb4.16&#8243; global_colors_info=\u00bb{}\u00bb][et_pb_text _builder_version=\u00bb4.16&#8243; text_font=\u00bb|600|||||||\u00bb text_text_color=\u00bb#FFFFFF\u00bb text_font_size=\u00bb18px\u00bb header_text_color=\u00bb#e0ab38&#8243; global_colors_info=\u00bb{}\u00bb]<\/p>\n<h1>Contacto<\/h1>\n<p>comisiongeneroigualdad@facmed.unam.mx<br \/>\n[\/et_pb_text][et_pb_contact_form email=\u00bbcomisiongeneroigualdad@facmed.unam.mx\u00bb _builder_version=\u00bb4.16&#8243; _unique_id=\u00bb82be5dd0-9592-4273-9799-ebb3af721a9f\u00bb captcha_font=\u00bb|600|||||||\u00bb captcha_text_color=\u00bb#FFFFFF\u00bb custom_button=\u00bbon\u00bb button_text_color=\u00bb#FFFFFF\u00bb button_bg_color=\u00bb#E09900&#8243; global_colors_info=\u00bb{}\u00bb][et_pb_contact_field field_id=\u00bbName\u00bb field_title=\u00bbNombre\u00bb _builder_version=\u00bb4.16&#8243; global_colors_info=\u00bb{}\u00bb button_text_size__hover_enabled=\u00bboff\u00bb button_one_text_size__hover_enabled=\u00bboff\u00bb button_two_text_size__hover_enabled=\u00bboff\u00bb button_text_color__hover_enabled=\u00bboff\u00bb button_one_text_color__hover_enabled=\u00bboff\u00bb button_two_text_color__hover_enabled=\u00bboff\u00bb button_border_width__hover_enabled=\u00bboff\u00bb button_one_border_width__hover_enabled=\u00bboff\u00bb button_two_border_width__hover_enabled=\u00bboff\u00bb button_border_color__hover_enabled=\u00bboff\u00bb button_one_border_color__hover_enabled=\u00bboff\u00bb button_two_border_color__hover_enabled=\u00bboff\u00bb button_border_radius__hover_enabled=\u00bboff\u00bb button_one_border_radius__hover_enabled=\u00bboff\u00bb button_two_border_radius__hover_enabled=\u00bboff\u00bb button_letter_spacing__hover_enabled=\u00bboff\u00bb button_one_letter_spacing__hover_enabled=\u00bboff\u00bb button_two_letter_spacing__hover_enabled=\u00bboff\u00bb button_bg_color__hover_enabled=\u00bboff\u00bb button_one_bg_color__hover_enabled=\u00bboff\u00bb button_two_bg_color__hover_enabled=\u00bboff\u00bb][\/et_pb_contact_field][et_pb_contact_field field_id=\u00bbEmail\u00bb field_title=\u00bbDirecci\u00f3n de correo electr\u00f3nico\u00bb field_type=\u00bbemail\u00bb _builder_version=\u00bb4.16&#8243; global_colors_info=\u00bb{}\u00bb button_text_size__hover_enabled=\u00bboff\u00bb button_one_text_size__hover_enabled=\u00bboff\u00bb button_two_text_size__hover_enabled=\u00bboff\u00bb button_text_color__hover_enabled=\u00bboff\u00bb button_one_text_color__hover_enabled=\u00bboff\u00bb button_two_text_color__hover_enabled=\u00bboff\u00bb button_border_width__hover_enabled=\u00bboff\u00bb button_one_border_width__hover_enabled=\u00bboff\u00bb button_two_border_width__hover_enabled=\u00bboff\u00bb button_border_color__hover_enabled=\u00bboff\u00bb button_one_border_color__hover_enabled=\u00bboff\u00bb button_two_border_color__hover_enabled=\u00bboff\u00bb button_border_radius__hover_enabled=\u00bboff\u00bb button_one_border_radius__hover_enabled=\u00bboff\u00bb button_two_border_radius__hover_enabled=\u00bboff\u00bb button_letter_spacing__hover_enabled=\u00bboff\u00bb button_one_letter_spacing__hover_enabled=\u00bboff\u00bb button_two_letter_spacing__hover_enabled=\u00bboff\u00bb button_bg_color__hover_enabled=\u00bboff\u00bb button_one_bg_color__hover_enabled=\u00bboff\u00bb button_two_bg_color__hover_enabled=\u00bboff\u00bb][\/et_pb_contact_field][et_pb_contact_field field_id=\u00bbMessage\u00bb field_title=\u00bbMensaje\u00bb field_type=\u00bbtext\u00bb fullwidth_field=\u00bbon\u00bb _builder_version=\u00bb4.16&#8243; global_colors_info=\u00bb{}\u00bb button_text_size__hover_enabled=\u00bboff\u00bb button_one_text_size__hover_enabled=\u00bboff\u00bb button_two_text_size__hover_enabled=\u00bboff\u00bb button_text_color__hover_enabled=\u00bboff\u00bb button_one_text_color__hover_enabled=\u00bboff\u00bb button_two_text_color__hover_enabled=\u00bboff\u00bb button_border_width__hover_enabled=\u00bboff\u00bb button_one_border_width__hover_enabled=\u00bboff\u00bb button_two_border_width__hover_enabled=\u00bboff\u00bb button_border_color__hover_enabled=\u00bboff\u00bb button_one_border_color__hover_enabled=\u00bboff\u00bb button_two_border_color__hover_enabled=\u00bboff\u00bb button_border_radius__hover_enabled=\u00bboff\u00bb button_one_border_radius__hover_enabled=\u00bboff\u00bb button_two_border_radius__hover_enabled=\u00bboff\u00bb button_letter_spacing__hover_enabled=\u00bboff\u00bb button_one_letter_spacing__hover_enabled=\u00bboff\u00bb button_two_letter_spacing__hover_enabled=\u00bboff\u00bb button_bg_color__hover_enabled=\u00bboff\u00bb button_one_bg_color__hover_enabled=\u00bboff\u00bb button_two_bg_color__hover_enabled=\u00bboff\u00bb][\/et_pb_contact_field][\/et_pb_contact_form][\/et_pb_column][\/et_pb_row][\/et_pb_section]<\/p>\n","protected":false},"excerpt":{"rendered":"<p>Objetivo de la comisi\u00f3n La Comisi\u00f3n Interna para la Igualdad de G\u00e9nero de la Facultad de Medicina tiene como objetivo impulsar la implementaci\u00f3n de la pol\u00edtica institucional en materia de igualdad de g\u00e9nero de la Universidad y prevenir cualquier tipo de discriminaci\u00f3n y violencia por razones de g\u00e9nero, a trav\u00e9s de acciones sistem\u00e1ticas y profundas [&hellip;]<\/p>\n","protected":false},"author":4,"featured_media":0,"parent":0,"menu_order":0,"comment_status":"closed","ping_status":"closed","template":"","meta":{"_et_pb_use_builder":"on","_et_pb_old_content":"","_et_gb_content_width":"","footnotes":""},"class_list":["post-51","page","type-page","status-publish","hentry"],"jetpack_sharing_enabled":true,"_links":{"self":[{"href":"https:\/\/cinig.facmed.unam.mx\/index.php\/wp-json\/wp\/v2\/pages\/51","targetHints":{"allow":["GET"]}}],"collection":[{"href":"https:\/\/cinig.facmed.unam.mx\/index.php\/wp-json\/wp\/v2\/pages"}],"about":[{"href":"https:\/\/cinig.facmed.unam.mx\/index.php\/wp-json\/wp\/v2\/types\/page"}],"author":[{"embeddable":true,"href":"https:\/\/cinig.facmed.unam.mx\/index.php\/wp-json\/wp\/v2\/users\/4"}],"replies":[{"embeddable":true,"href":"https:\/\/cinig.facmed.unam.mx\/index.php\/wp-json\/wp\/v2\/comments?post=51"}],"version-history":[{"count":106,"href":"https:\/\/cinig.facmed.unam.mx\/index.php\/wp-json\/wp\/v2\/pages\/51\/revisions"}],"predecessor-version":[{"id":381,"href":"https:\/\/cinig.facmed.unam.mx\/index.php\/wp-json\/wp\/v2\/pages\/51\/revisions\/381"}],"wp:attachment":[{"href":"https:\/\/cinig.facmed.unam.mx\/index.php\/wp-json\/wp\/v2\/media?parent=51"}],"curies":[{"name":"wp","href":"https:\/\/api.w.org\/{rel}","templated":true}]}}